{"id":1107,"date":"2023-02-27T14:34:46","date_gmt":"2023-02-27T13:34:46","guid":{"rendered":"https:\/\/www.spectaculaires.fr\/page-edito-2\/"},"modified":"2023-03-17T16:50:02","modified_gmt":"2023-03-17T15:50:02","slug":"spectacle","status":"publish","type":"page","link":"https:\/\/www.spectaculaires.fr\/en\/spectacle\/","title":{"rendered":"Spectacle"},"content":{"rendered":"\n<section class=\"acf block-heroAlt\" data-scroll-section>\n    <div class=\"block-heroAlt__container\">\n        <h1 class=\"block-heroAlt__title\" data-scroll data-scroll-speed=\"1\">SPECTACLE<\/h1>\n                    <p class=\"block-heroAlt__desc\" data-scroll data-scroll-speed=\"1\">En 35 ann\u00e9es Spectaculaires \u2013 Allumeurs d\u2019Images est peu \u00e0 peu devenu un acteur reconnu des spectacles grand format, tant au niveau local qu\u2019international.\u00a0<br \/>\r\n<br \/>\r\nAnim\u00e9e par une cr\u00e9ativit\u00e9 fertile et un savoir-faire technique pointu, l\u2019aventure se poursuit aujourd\u2019hui en cr\u00e9ant des moments f\u00e9\u00e9riques collectifs rassemblant un large public.<\/p>\n            <\/div>\n    <div class=\"block-heroAlt__hero\">\n        <figure class=\"block-heroAlt__image\">\n            <picture>\n                                            <source type=\"image\/webp\" srcset=\"https:\/\/www.spectaculaires.fr\/app\/uploads\/2023\/02\/2018_inde-palace-jodhpur_spectaculaires-500x333.webp, https:\/\/www.spectaculaires.fr\/app\/uploads\/2023\/02\/2018_inde-palace-jodhpur_spectaculaires-500x333@2x.webp 2x\" media=\"(max-width: 500px)\">\n                <source type=\"image\/jpeg\" srcset=\"https:\/\/www.spectaculaires.fr\/app\/uploads\/2023\/02\/2018_inde-palace-jodhpur_spectaculaires-500x333.jpg, https:\/\/www.spectaculaires.fr\/app\/uploads\/2023\/02\/2018_inde-palace-jodhpur_spectaculaires-500x333@2x.jpg 2x\" media=\"(max-width: 500px)\">\n                                <source type=\"image\/webp\" srcset=\"https:\/\/www.spectaculaires.fr\/app\/uploads\/2023\/02\/2018_inde-palace-jodhpur_spectaculaires-1000x667.webp, https:\/\/www.spectaculaires.fr\/app\/uploads\/2023\/02\/2018_inde-palace-jodhpur_spectaculaires-1000x667@2x.webp 2x\" media=\"(max-width: 1024px)\">\n                <source type=\"image\/jpeg\" srcset=\"https:\/\/www.spectaculaires.fr\/app\/uploads\/2023\/02\/2018_inde-palace-jodhpur_spectaculaires-1000x667.jpg, https:\/\/www.spectaculaires.fr\/app\/uploads\/2023\/02\/2018_inde-palace-jodhpur_spectaculaires-1000x667@2x.jpg 2x\" media=\"(max-width: 1024px)\">\n                                <source type=\"image\/webp\" srcset=\"https:\/\/www.spectaculaires.fr\/app\/uploads\/2023\/02\/2018_inde-palace-jodhpur_spectaculaires-1920x1280.webp, https:\/\/www.spectaculaires.fr\/app\/uploads\/2023\/02\/2018_inde-palace-jodhpur_spectaculaires-1920x1280@2x.webp 2x\">\n                <source type=\"image\/jpeg\" srcset=\"https:\/\/www.spectaculaires.fr\/app\/uploads\/2023\/02\/2018_inde-palace-jodhpur_spectaculaires-1920x1280.jpg, https:\/\/www.spectaculaires.fr\/app\/uploads\/2023\/02\/2018_inde-palace-jodhpur_spectaculaires-1920x1280@2x.jpg 2x\">\n                <img loading=\"lazy\" decoding=\"async\" src=\"https:\/\/www.spectaculaires.fr\/app\/uploads\/2023\/02\/2018_inde-palace-jodhpur_spectaculaires-1920x1280.jpg\" alt=\"2018 Inde Palace Jodhpur Spectaculaires\" width=\"905\" height=\"620\">\n                        <\/picture>\n        <\/figure>\n    <\/div>\n<\/section>\n\n<section class=\"core core-media-text\" data-scroll-section><div class=\"container\">\n<div class=\"wp-block-media-text alignwide is-stacked-on-mobile is-image-fill has-blanc-color has-blanc-background-color has-text-color has-background\" style=\"grid-template-columns:30% auto\"><figure class=\"wp-block-media-text__media\" style=\"background-image:url(https:\/\/www.spectaculaires.fr\/app\/uploads\/2023\/02\/2r0a3246-683x1024.jpg);background-position:52% 67%\"><img loading=\"lazy\" decoding=\"async\" width=\"683\" height=\"1024\" src=\"https:\/\/www.spectaculaires.fr\/app\/uploads\/2023\/02\/2r0a3246-683x1024.jpg\" alt=\"\" class=\"wp-image-906 size-full\" srcset=\"https:\/\/www.spectaculaires.fr\/app\/uploads\/2023\/02\/2r0a3246-683x1024.jpg 683w, https:\/\/www.spectaculaires.fr\/app\/uploads\/2023\/02\/2r0a3246-200x300.jpg 200w, https:\/\/www.spectaculaires.fr\/app\/uploads\/2023\/02\/2r0a3246-768x1152.jpg 768w, https:\/\/www.spectaculaires.fr\/app\/uploads\/2023\/02\/2r0a3246-1024x1536.jpg 1024w, https:\/\/www.spectaculaires.fr\/app\/uploads\/2023\/02\/2r0a3246-1365x2048.jpg 1365w, https:\/\/www.spectaculaires.fr\/app\/uploads\/2023\/02\/2r0a3246-500x750.jpg 500w, https:\/\/www.spectaculaires.fr\/app\/uploads\/2023\/02\/2r0a3246-1000x1500.jpg 1000w, https:\/\/www.spectaculaires.fr\/app\/uploads\/2023\/02\/2r0a3246-1920x2880.jpg 1920w, https:\/\/www.spectaculaires.fr\/app\/uploads\/2023\/02\/2r0a3246-scaled.jpg 1707w\" sizes=\"auto, (max-width: 683px) 100vw, 683px\" \/><\/figure><div class=\"wp-block-media-text__content\">\n<h1 class=\"has-noir-color has-text-color wp-block-heading\" style=\"font-style:normal;font-weight:100;text-transform:uppercase\">L&#8217;esprit de compagnie<\/h1>\n\n\n\n<p class=\"has-noir-color has-text-color\">R\u00e9unir sous le m\u00eame toit le po\u00e8te et l\u2019ing\u00e9nieur, une \u00e9quipe artistique et une \u00e9quipe technique, fait de Spectaculaires un acteur tr\u00e8s singulier de son \u00e9cosyst\u00e8me.<\/p>\n\n\n\n<p class=\"has-noir-color has-text-color\">Unis par la passion, la culture du r\u00eave et le go\u00fbt du \u00ab&nbsp;pas de c\u00f4t\u00e9&nbsp;\u00bb, les Allumeurs d\u2019Images viennent d\u2019horizons tr\u00e8s divers : cr\u00e9atifs en tous genres, graphistes, sc\u00e9nographes, compositeurs, auteurs\u2026&nbsp; mais aussi techniciens, ing\u00e9nieurs, concepteurs, r\u00e9gisseurs, sp\u00e9cialistes des r\u00e9seaux\u2026<\/p>\n\n\n\n<p class=\"has-noir-color has-text-color\">De nombreux artistes invit\u00e9s nourrissent \u00e9galement le collectif en y apportant leur regard et leur po\u00e9sie propre<\/p>\n<\/div><\/div>\n<\/div><\/section>\n\n<section class=\"core core-quote\" data-scroll-section><div class=\"container\">\n<blockquote class=\"wp-block-quote is-layout-flow wp-block-quote-is-layout-flow\">\n<p><em>\u00ab Mon \u00e9quipe, ce sont des combattants, des gens pr\u00eats \u00e0 relever des d\u00e9fis qu\u2019on croyait impossibles \u00bb<\/em><\/p>\n<cite>Beno\u00eet QU\u00c9RO<\/cite><\/blockquote>\n<\/div><\/section>\n\n<section class=\"core core-media-text\" data-scroll-section><div class=\"container\">\n<div class=\"wp-block-media-text alignwide has-media-on-the-right is-stacked-on-mobile\" style=\"grid-template-columns:auto 30%\"><div class=\"wp-block-media-text__content\">\n<h1 class=\"wp-block-heading\" style=\"font-style:normal;font-weight:100;text-transform:uppercase\">Raconter <br>des histoires, <br>C\u00e9l\u00e9brer <br>la beaut\u00e9<\/h1>\n\n\n\n<p class=\"has-noir-color has-text-color\">Pour fabriquer des spectacles \u00ab&nbsp;cousus main&nbsp;\u00bb avec l\u2019ambition d\u2019\u00e9blouir le grand public, il faut d\u2019abord \u00e9couter et regarder.&nbsp;<\/p>\n\n\n\n<p class=\"has-noir-color has-text-color\">Puis s\u2019appuyer sur un r\u00e9cit pour raconter des histoires, et sublimer des moments, des lieux, des architectures en y cr\u00e9ant des spectacles originaux, po\u00e9tiques et sensibles\u2026<\/p>\n<\/div><figure class=\"wp-block-media-text__media\"><img loading=\"lazy\" decoding=\"async\" width=\"1707\" height=\"2560\" src=\"https:\/\/www.spectaculaires.fr\/app\/uploads\/2023\/02\/spe_1683-scaled.jpg\" alt=\"\" class=\"wp-image-1158 size-full\" srcset=\"https:\/\/www.spectaculaires.fr\/app\/uploads\/2023\/02\/spe_1683-scaled.jpg 1707w, https:\/\/www.spectaculaires.fr\/app\/uploads\/2023\/02\/spe_1683-200x300.jpg 200w, https:\/\/www.spectaculaires.fr\/app\/uploads\/2023\/02\/spe_1683-683x1024.jpg 683w, https:\/\/www.spectaculaires.fr\/app\/uploads\/2023\/02\/spe_1683-768x1152.jpg 768w, https:\/\/www.spectaculaires.fr\/app\/uploads\/2023\/02\/spe_1683-1024x1536.jpg 1024w, https:\/\/www.spectaculaires.fr\/app\/uploads\/2023\/02\/spe_1683-1365x2048.jpg 1365w, https:\/\/www.spectaculaires.fr\/app\/uploads\/2023\/02\/spe_1683-500x750.jpg 500w, https:\/\/www.spectaculaires.fr\/app\/uploads\/2023\/02\/spe_1683-1000x1500.jpg 1000w, https:\/\/www.spectaculaires.fr\/app\/uploads\/2023\/02\/spe_1683-1920x2880.jpg 1920w\" sizes=\"auto, (max-width: 1707px) 100vw, 1707px\" \/><\/figure><\/div>\n<\/div><\/section>\n\n<section class=\"core core-quote\" data-scroll-section><div class=\"container\">\n<blockquote class=\"wp-block-quote is-layout-flow wp-block-quote-is-layout-flow\">\n<p class=\"has-text-align-center\"><em>\u00ab <em>Notre raison d\u2019\u00eatre Allumeurs d\u2019Images, je dirais que c\u2019est presque une entreprise \u00e0 passion <\/em>\u00bb<\/em><\/p>\n<\/blockquote>\n<\/div><\/section>\n\n<div class=\"core core-columns\" data-scroll-section><div class=\"container\">\n<div class=\"wp-block-columns is-layout-flex wp-container-core-columns-is-layout-9d6595d7 wp-block-columns-is-layout-flex\">\n<div class=\"wp-block-column is-layout-flow wp-block-column-is-layout-flow\">\n<p>Nos <strong>spectacles d\u2019images monumentales<\/strong> c\u00e9l\u00e8brent la beaut\u00e9 des grands patrimoines, cherchent \u00e0 provoquer l\u2019\u00e9veil ou l\u2019\u00e9l\u00e9vation, caressant l\u2019architecture par la lumi\u00e8re comme \u00ab&nbsp;un orf\u00e8vre dans un atelier d\u2019enluminures&nbsp;\u00bb.<\/p>\n\n\n\n<figure class=\"wp-block-image size-large is-style-rounded\"><picture><source srcset=\"https:\/\/www.spectaculaires.fr\/app\/uploads\/2023\/02\/cathedrale-ste-sophie-kiev-je-suis-un-reve_spectaculaires-edited-scaled.webp\" type=\"image\/webp\" \/><img src=\"https:\/\/www.spectaculaires.fr\/app\/uploads\/2023\/02\/cathedrale-ste-sophie-kiev-je-suis-un-reve_spectaculaires-edited-scaled.jpg\" width=\"2560\"  height=\"1919\" class=\"wp-image-1082\" alt=\"Cath\u00e9drale Ste Sophie Kiev Spectaculaires\" ><\/picture><figcaption class=\"wp-element-caption\">Cath\u00e9drale Sainte Sophie de <strong>Ky\u00efv<\/strong> (Ukraine) &#8211; 2015<\/figcaption><\/figure>\n<\/div>\n\n\n\n<div class=\"wp-block-column is-layout-flow wp-block-column-is-layout-flow\">\n<p>Nos <strong>petits contes anim\u00e9s<\/strong> projet\u00e9s sur les fa\u00e7ades transportent petits et grands dans des univers fantastiques et oniriques. Le r\u00e9cit, les images et les musiques originales nous proposent un autre regard sur ce qui nous entoure.<\/p>\n\n\n\n<figure class=\"wp-block-image size-large is-style-rounded\"><picture><source srcset=\"https:\/\/www.spectaculaires.fr\/app\/uploads\/2023\/02\/reverie-lausanne-spectaculaires-allumeurs-dimages-1024x768.webp\" type=\"image\/webp\" \/><img src=\"https:\/\/www.spectaculaires.fr\/app\/uploads\/2023\/02\/reverie-lausanne-spectaculaires-allumeurs-dimages-1024x768.jpg\" width=\"1024\"  height=\"768\" class=\"wp-image-910\" alt=\"R\u00eaverie Lausanne Spectaculaires Allumeurs D\" loading=\"lazy\"><\/picture><figcaption class=\"wp-element-caption\">H\u00f4tel de ville de Lausanne (Suisse) &#8211; 2022<\/figcaption><\/figure>\n<\/div>\n\n\n\n<div class=\"wp-block-column is-layout-flow wp-block-column-is-layout-flow\">\n<p>Nos<strong> \u00ab parcours lumi\u00e8res\u00a0\u00bb<\/strong>, ballades allum\u00e9es et sc\u00e9nographies immersives, invitent les spectateurs \u00e0 (re)d\u00e9couvrir des espaces \u00e0 la nuit tomb\u00e9e, en y cr\u00e9ant une atmosph\u00e8re propice au r\u00eave et \u00e0 la contemplation.<\/p>\n\n\n\n<figure class=\"wp-block-image size-large is-style-rounded\"><picture><source srcset=\"https:\/\/www.spectaculaires.fr\/app\/uploads\/2023\/03\/2023-bright-brussels-162-1024x768.webp\" type=\"image\/webp\" \/><img src=\"https:\/\/www.spectaculaires.fr\/app\/uploads\/2023\/03\/2023-bright-brussels-162-1024x768.jpg\" width=\"1024\"  height=\"768\" class=\"wp-image-1597\" alt=\"2023 Bright Brussels (162)\" loading=\"lazy\"><\/picture><figcaption class=\"wp-element-caption\">Waterlight Festival Spectaculaires Allumeurs D&#8217;images<\/figcaption><\/figure>\n<\/div>\n<\/div>\n<\/div><\/div>\n\n<section class=\"core core-quote\" data-scroll-section><div class=\"container\">\n<blockquote class=\"wp-block-quote has-text-align-center is-layout-flow wp-block-quote-is-layout-flow\">\n<p class=\"has-text-align-center\"><em>\u00ab <em><em>Spectaculaires, c\u2019est la volont\u00e9 de c\u00e9l\u00e9brer le beau et de le donner \u00e0 voi<\/em><\/em>r<\/em>.<br><em>Notre fabrique \u00e0 r\u00eaves n\u2019est rien si elle n\u2019est pas partag\u00e9e avec le public&nbsp;\u00bb<\/em><\/p>\n<cite>Ulrich BRUNET<\/cite><\/blockquote>\n<\/div><\/section>\n\n<section class=\"core core-group\" data-scroll-section><div class=\"container\">\n<div class=\"wp-block-group has-night-blue-background-color has-background\"><div class=\"wp-block-group__inner-container is-layout-constrained wp-block-group-is-layout-constrained\">\n<h2 class=\"has-blanc-color has-text-color wp-block-heading\" style=\"font-style:normal;font-weight:200\">QUELQUES R\u00c9F\u00c9RENCES SUR LES \u00ab ZONES D\u2019ALLUMAGE \u00bb<\/h2>\n\n\n\n<div style=\"height:29px\" aria-hidden=\"true\" class=\"wp-block-spacer\"><\/div>\n\n\n\n<div class=\"wp-block-columns is-layout-flex wp-container-core-columns-is-layout-9d6595d7 wp-block-columns-is-layout-flex\">\n<div class=\"wp-block-column is-layout-flow wp-block-column-is-layout-flow\">\n<p class=\"has-blanc-color has-text-color\" style=\"font-style:normal;font-weight:500\"><strong>En Bretagne :<br><\/strong>Abbaye de Beauport, Paimpol &#8211; Parlement de Bretagne, Rennes &#8211; Cath\u00e9drale St Corentin, Quimper &#8211; Ch\u00e2teau de Tr\u00e9varez &#8211; Grands Calvaires Bretons &#8211; Plougastel &#8211; Pleyben &#8211; Saint-Th\u00e9gonnec\u2026.<\/p>\n\n\n\n<figure class=\"wp-block-image size-large is-style-rounded\"><picture><source srcset=\"https:\/\/www.spectaculaires.fr\/app\/uploads\/2023\/02\/christmas-jukebox-spectaculaires-allumeurs-dimages-edited.webp\" type=\"image\/webp\" \/><img src=\"https:\/\/www.spectaculaires.fr\/app\/uploads\/2023\/02\/christmas-jukebox-spectaculaires-allumeurs-dimages-edited.png\" width=\"2880\"  height=\"2160\" class=\"wp-image-1102\" alt=\"Christmas Jukebox Spectaculaires Allumeurs D\" loading=\"lazy\"><\/picture><figcaption class=\"wp-element-caption\">Marie de Rennes (Bretagne) &#8211; 2021<\/figcaption><\/figure>\n<\/div>\n\n\n\n<div class=\"wp-block-column is-layout-flow wp-block-column-is-layout-flow\">\n<p class=\"has-blanc-color has-text-color\"><strong>En France :<br><\/strong>Palais des Papes, Avignon &#8211; Place de la Bourse, Bordeaux &#8211; Place Stanislas, Nancy &#8211; Notre Dame de Paris &#8211; Nuits aux Invalides, Paris &#8211; Arbre de la libert\u00e9, Bayeux &#8211; Grotte Chauvet en Ard\u00e8che\u2026<\/p>\n\n\n\n<figure class=\"wp-block-image size-full is-style-rounded\"><picture><source srcset=\"https:\/\/www.spectaculaires.fr\/app\/uploads\/2023\/02\/palais-des-papes-avignon-spectaculaires-allumeurs-dimages-edited.webp\" type=\"image\/webp\" \/><img src=\"https:\/\/www.spectaculaires.fr\/app\/uploads\/2023\/02\/palais-des-papes-avignon-spectaculaires-allumeurs-dimages-edited.jpg\" width=\"400\"  height=\"300\" class=\"wp-image-1096\" alt=\"Palais Des Papes Avignon Spectaculaires Allumeurs D\" loading=\"lazy\"><\/picture><figcaption class=\"wp-element-caption\">Palais Des Papes  d&#8217;Avignon  (PACA) &#8211; 2019<\/figcaption><\/figure>\n<\/div>\n\n\n\n<div class=\"wp-block-column is-layout-flow wp-block-column-is-layout-flow\">\n<p class=\"has-blanc-color has-text-color\"><strong>Et un peu plus loin\u2026 :<\/strong><br>Villa M\u00e9dicis, Rome &#8211; Palais de la R\u00e9unification, Ho Chi Minh &#8211; Cath\u00e9drale Ste Sophie, Kiev &#8211; Macae, Br\u00e9sil &#8211; Fondation Wright, Gen\u00e8ve &#8211; Rendez-vous Bundesplatz, Berne\u2026<\/p>\n\n\n\n<figure class=\"wp-block-image size-large is-style-rounded\"><picture><source srcset=\"https:\/\/www.spectaculaires.fr\/app\/uploads\/2023\/02\/2021-12_trevarez-pinoch-alain-amet-48.j-pg-edited.webp\" type=\"image\/webp\" \/><img src=\"https:\/\/www.spectaculaires.fr\/app\/uploads\/2023\/02\/2021-12_trevarez-pinoch-alain-amet-48.j-pg-edited.jpeg\" width=\"2220\"  height=\"1666\" class=\"wp-image-1094\" alt=\"Spectaculaires\" loading=\"lazy\"><\/picture><figcaption class=\"wp-element-caption\">Ch\u00e2teau de Tr\u00e9varez (Bretagne) &#8211; 2021<\/figcaption><\/figure>\n<\/div>\n<\/div>\n<\/div><\/div>\n<\/div><\/section>\n\n<section class=\"core-inline core-buttons\" data-scroll-section><div class=\"container\">\n<div class=\"wp-block-buttons is-content-justification-center is-layout-flex wp-container-core-buttons-is-layout-16018d1d wp-block-buttons-is-layout-flex\">\n<div class=\"wp-block-button is-style-fill\"><a class=\"wp-block-button__link has-night-blue-background-color has-background wp-element-button\" href=\"https:\/\/www.spectaculaires.fr\/projets\/\" style=\"border-radius:7px\">Retrouvez tous nos projets &gt;&gt;<\/a><\/div>\n<\/div>\n<\/div><\/section>","protected":false},"excerpt":{"rendered":"<p>L&#8217;esprit de compagnie R\u00e9unir sous le m\u00eame toit le po\u00e8te et l\u2019ing\u00e9nieur, une \u00e9quipe artistique et une \u00e9quipe technique, fait de Spectaculaires un acteur tr\u00e8s singulier de son \u00e9cosyst\u00e8me. Unis par la passion, la culture du r\u00eave et le go\u00fbt du \u00ab&nbsp;pas de c\u00f4t\u00e9&nbsp;\u00bb, les Allumeurs d\u2019Images viennent d\u2019horizons tr\u00e8s divers : cr\u00e9atifs en tous [&hellip;]<\/p>\n","protected":false},"author":2,"featured_media":0,"parent":0,"menu_order":0,"comment_status":"closed","ping_status":"closed","template":"","meta":{"footnotes":""},"class_list":["post-1107","page","type-page","status-publish","hentry"],"acf":[],"yoast_head":"<!-- This site is optimized with the Yoast SEO plugin v27.1.1 - https:\/\/yoast.com\/product\/yoast-seo-wordpress\/ -->\n<title>Spectacle - Spectaculaires - Allumeurs d&#039;images<\/title>\n<meta name=\"robots\" content=\"index, follow, max-snippet:-1, max-image-preview:large, max-video-preview:-1\" \/>\n<link rel=\"canonical\" href=\"https:\/\/www.spectaculaires.fr\/spectacle\/\" \/>\n<meta property=\"og:locale\" content=\"en_US\" \/>\n<meta property=\"og:type\" content=\"article\" \/>\n<meta property=\"og:title\" content=\"Spectacle - Spectaculaires - Allumeurs d&#039;images\" \/>\n<meta property=\"og:description\" content=\"L&#8217;esprit de compagnie R\u00e9unir sous le m\u00eame toit le po\u00e8te et l\u2019ing\u00e9nieur, une \u00e9quipe artistique et une \u00e9quipe technique, fait de Spectaculaires un acteur tr\u00e8s singulier de son \u00e9cosyst\u00e8me. Unis par la passion, la culture du r\u00eave et le go\u00fbt du \u00ab&nbsp;pas de c\u00f4t\u00e9&nbsp;\u00bb, les Allumeurs d\u2019Images viennent d\u2019horizons tr\u00e8s divers : cr\u00e9atifs en tous [&hellip;]\" \/>\n<meta property=\"og:url\" content=\"https:\/\/www.spectaculaires.fr\/spectacle\/\" \/>\n<meta property=\"og:site_name\" content=\"Spectaculaires - Allumeurs d&#039;images\" \/>\n<meta property=\"article:modified_time\" content=\"2023-03-17T15:50:02+00:00\" \/>\n<meta property=\"og:image\" content=\"https:\/\/www.spectaculaires.fr\/app\/uploads\/2023\/02\/2r0a3246-683x1024.jpg\" \/>\n<meta name=\"twitter:card\" content=\"summary_large_image\" \/>\n<meta name=\"twitter:label1\" content=\"Est. reading time\" \/>\n\t<meta name=\"twitter:data1\" content=\"4 minutes\" \/>\n<script type=\"application\/ld+json\" class=\"yoast-schema-graph\">{\"@context\":\"https:\/\/schema.org\",\"@graph\":[{\"@type\":\"WebPage\",\"@id\":\"https:\/\/www.spectaculaires.fr\/spectacle\/\",\"url\":\"https:\/\/www.spectaculaires.fr\/spectacle\/\",\"name\":\"Spectacle - Spectaculaires - Allumeurs d&#039;images\",\"isPartOf\":{\"@id\":\"https:\/\/www.spectaculaires.fr\/#website\"},\"primaryImageOfPage\":{\"@id\":\"https:\/\/www.spectaculaires.fr\/spectacle\/#primaryimage\"},\"image\":{\"@id\":\"https:\/\/www.spectaculaires.fr\/spectacle\/#primaryimage\"},\"thumbnailUrl\":\"https:\/\/www.spectaculaires.fr\/app\/uploads\/2023\/02\/2r0a3246-683x1024.jpg\",\"datePublished\":\"2023-02-27T13:34:46+00:00\",\"dateModified\":\"2023-03-17T15:50:02+00:00\",\"breadcrumb\":{\"@id\":\"https:\/\/www.spectaculaires.fr\/spectacle\/#breadcrumb\"},\"inLanguage\":\"en-US\",\"potentialAction\":[{\"@type\":\"ReadAction\",\"target\":[\"https:\/\/www.spectaculaires.fr\/spectacle\/\"]}]},{\"@type\":\"ImageObject\",\"inLanguage\":\"en-US\",\"@id\":\"https:\/\/www.spectaculaires.fr\/spectacle\/#primaryimage\",\"url\":\"https:\/\/www.spectaculaires.fr\/app\/uploads\/2023\/02\/2r0a3246-683x1024.jpg\",\"contentUrl\":\"https:\/\/www.spectaculaires.fr\/app\/uploads\/2023\/02\/2r0a3246-683x1024.jpg\"},{\"@type\":\"BreadcrumbList\",\"@id\":\"https:\/\/www.spectaculaires.fr\/spectacle\/#breadcrumb\",\"itemListElement\":[{\"@type\":\"ListItem\",\"position\":1,\"name\":\"Home\",\"item\":\"https:\/\/www.spectaculaires.fr\/en\/\"},{\"@type\":\"ListItem\",\"position\":2,\"name\":\"Spectacle\"}]},{\"@type\":\"WebSite\",\"@id\":\"https:\/\/www.spectaculaires.fr\/#website\",\"url\":\"https:\/\/www.spectaculaires.fr\/\",\"name\":\"Spectaculaires - Allumeurs d&#039;images\",\"description\":\"\",\"publisher\":{\"@id\":\"https:\/\/www.spectaculaires.fr\/#organization\"},\"potentialAction\":[{\"@type\":\"SearchAction\",\"target\":{\"@type\":\"EntryPoint\",\"urlTemplate\":\"https:\/\/www.spectaculaires.fr\/?s={search_term_string}\"},\"query-input\":{\"@type\":\"PropertyValueSpecification\",\"valueRequired\":true,\"valueName\":\"search_term_string\"}}],\"inLanguage\":\"en-US\"},{\"@type\":\"Organization\",\"@id\":\"https:\/\/www.spectaculaires.fr\/#organization\",\"name\":\"Spectaculaire - Allumeurs d'images\",\"url\":\"https:\/\/www.spectaculaires.fr\/\",\"logo\":{\"@type\":\"ImageObject\",\"inLanguage\":\"en-US\",\"@id\":\"https:\/\/www.spectaculaires.fr\/#\/schema\/logo\/image\/\",\"url\":\"https:\/\/www.spectaculaires.fr\/app\/uploads\/2022\/10\/logo.svg\",\"contentUrl\":\"https:\/\/www.spectaculaires.fr\/app\/uploads\/2022\/10\/logo.svg\",\"width\":1,\"height\":1,\"caption\":\"Spectaculaire - Allumeurs d'images\"},\"image\":{\"@id\":\"https:\/\/www.spectaculaires.fr\/#\/schema\/logo\/image\/\"}}]}<\/script>\n<!-- \/ Yoast SEO plugin. -->","yoast_head_json":{"title":"Spectacle - Spectaculaires - Allumeurs d&#039;images","robots":{"index":"index","follow":"follow","max-snippet":"max-snippet:-1","max-image-preview":"max-image-preview:large","max-video-preview":"max-video-preview:-1"},"canonical":"https:\/\/www.spectaculaires.fr\/spectacle\/","og_locale":"en_US","og_type":"article","og_title":"Spectacle - Spectaculaires - Allumeurs d&#039;images","og_description":"L&#8217;esprit de compagnie R\u00e9unir sous le m\u00eame toit le po\u00e8te et l\u2019ing\u00e9nieur, une \u00e9quipe artistique et une \u00e9quipe technique, fait de Spectaculaires un acteur tr\u00e8s singulier de son \u00e9cosyst\u00e8me. Unis par la passion, la culture du r\u00eave et le go\u00fbt du \u00ab&nbsp;pas de c\u00f4t\u00e9&nbsp;\u00bb, les Allumeurs d\u2019Images viennent d\u2019horizons tr\u00e8s divers : cr\u00e9atifs en tous [&hellip;]","og_url":"https:\/\/www.spectaculaires.fr\/spectacle\/","og_site_name":"Spectaculaires - Allumeurs d&#039;images","article_modified_time":"2023-03-17T15:50:02+00:00","og_image":[{"url":"https:\/\/www.spectaculaires.fr\/app\/uploads\/2023\/02\/2r0a3246-683x1024.jpg","type":"","width":"","height":""}],"twitter_card":"summary_large_image","twitter_misc":{"Est. reading time":"4 minutes"},"schema":{"@context":"https:\/\/schema.org","@graph":[{"@type":"WebPage","@id":"https:\/\/www.spectaculaires.fr\/spectacle\/","url":"https:\/\/www.spectaculaires.fr\/spectacle\/","name":"Spectacle - Spectaculaires - Allumeurs d&#039;images","isPartOf":{"@id":"https:\/\/www.spectaculaires.fr\/#website"},"primaryImageOfPage":{"@id":"https:\/\/www.spectaculaires.fr\/spectacle\/#primaryimage"},"image":{"@id":"https:\/\/www.spectaculaires.fr\/spectacle\/#primaryimage"},"thumbnailUrl":"https:\/\/www.spectaculaires.fr\/app\/uploads\/2023\/02\/2r0a3246-683x1024.jpg","datePublished":"2023-02-27T13:34:46+00:00","dateModified":"2023-03-17T15:50:02+00:00","breadcrumb":{"@id":"https:\/\/www.spectaculaires.fr\/spectacle\/#breadcrumb"},"inLanguage":"en-US","potentialAction":[{"@type":"ReadAction","target":["https:\/\/www.spectaculaires.fr\/spectacle\/"]}]},{"@type":"ImageObject","inLanguage":"en-US","@id":"https:\/\/www.spectaculaires.fr\/spectacle\/#primaryimage","url":"https:\/\/www.spectaculaires.fr\/app\/uploads\/2023\/02\/2r0a3246-683x1024.jpg","contentUrl":"https:\/\/www.spectaculaires.fr\/app\/uploads\/2023\/02\/2r0a3246-683x1024.jpg"},{"@type":"BreadcrumbList","@id":"https:\/\/www.spectaculaires.fr\/spectacle\/#breadcrumb","itemListElement":[{"@type":"ListItem","position":1,"name":"Home","item":"https:\/\/www.spectaculaires.fr\/en\/"},{"@type":"ListItem","position":2,"name":"Spectacle"}]},{"@type":"WebSite","@id":"https:\/\/www.spectaculaires.fr\/#website","url":"https:\/\/www.spectaculaires.fr\/","name":"Spectaculaires - Allumeurs d&#039;images","description":"","publisher":{"@id":"https:\/\/www.spectaculaires.fr\/#organization"},"potentialAction":[{"@type":"SearchAction","target":{"@type":"EntryPoint","urlTemplate":"https:\/\/www.spectaculaires.fr\/?s={search_term_string}"},"query-input":{"@type":"PropertyValueSpecification","valueRequired":true,"valueName":"search_term_string"}}],"inLanguage":"en-US"},{"@type":"Organization","@id":"https:\/\/www.spectaculaires.fr\/#organization","name":"Spectaculaire - Allumeurs d'images","url":"https:\/\/www.spectaculaires.fr\/","logo":{"@type":"ImageObject","inLanguage":"en-US","@id":"https:\/\/www.spectaculaires.fr\/#\/schema\/logo\/image\/","url":"https:\/\/www.spectaculaires.fr\/app\/uploads\/2022\/10\/logo.svg","contentUrl":"https:\/\/www.spectaculaires.fr\/app\/uploads\/2022\/10\/logo.svg","width":1,"height":1,"caption":"Spectaculaire - Allumeurs d'images"},"image":{"@id":"https:\/\/www.spectaculaires.fr\/#\/schema\/logo\/image\/"}}]}},"_links":{"self":[{"href":"https:\/\/www.spectaculaires.fr\/en\/wp-json\/wp\/v2\/pages\/1107","targetHints":{"allow":["GET"]}}],"collection":[{"href":"https:\/\/www.spectaculaires.fr\/en\/wp-json\/wp\/v2\/pages"}],"about":[{"href":"https:\/\/www.spectaculaires.fr\/en\/wp-json\/wp\/v2\/types\/page"}],"author":[{"embeddable":true,"href":"https:\/\/www.spectaculaires.fr\/en\/wp-json\/wp\/v2\/users\/2"}],"replies":[{"embeddable":true,"href":"https:\/\/www.spectaculaires.fr\/en\/wp-json\/wp\/v2\/comments?post=1107"}],"version-history":[{"count":56,"href":"https:\/\/www.spectaculaires.fr\/en\/wp-json\/wp\/v2\/pages\/1107\/revisions"}],"predecessor-version":[{"id":2096,"href":"https:\/\/www.spectaculaires.fr\/en\/wp-json\/wp\/v2\/pages\/1107\/revisions\/2096"}],"wp:attachment":[{"href":"https:\/\/www.spectaculaires.fr\/en\/wp-json\/wp\/v2\/media?parent=1107"}],"curies":[{"name":"wp","href":"https:\/\/api.w.org\/{rel}","templated":true}]}}