{"id":379,"date":"2022-10-11T09:24:47","date_gmt":"2022-10-11T07:24:47","guid":{"rendered":"https:\/\/www.spectaculaires.fr?page_id=379"},"modified":"2025-09-29T11:39:25","modified_gmt":"2025-09-29T09:39:25","slug":"devenir-allumeur-dimage","status":"publish","type":"page","link":"https:\/\/www.spectaculaires.fr\/en\/devenir-allumeur-dimage\/","title":{"rendered":"Devenir allumeur d&#8217;images"},"content":{"rendered":"<section class=\"core core-media-text\" data-scroll-section><div class=\"container\">\n<div class=\"wp-block-media-text alignwide is-stacked-on-mobile has-blanc-color has-night-blue-background-color has-text-color has-background\" style=\"grid-template-columns:47% auto\"><figure class=\"wp-block-media-text__media\"><img loading=\"lazy\" decoding=\"async\" width=\"1024\" height=\"683\" src=\"https:\/\/www.spectaculaires.fr\/app\/uploads\/2023\/02\/002a3421-1024x683.jpg\" alt=\"002a3421\" class=\"wp-image-940 size-full\" srcset=\"https:\/\/www.spectaculaires.fr\/app\/uploads\/2023\/02\/002a3421-1024x683.jpg 1024w, https:\/\/www.spectaculaires.fr\/app\/uploads\/2023\/02\/002a3421-300x200.jpg 300w, https:\/\/www.spectaculaires.fr\/app\/uploads\/2023\/02\/002a3421-768x512.jpg 768w, https:\/\/www.spectaculaires.fr\/app\/uploads\/2023\/02\/002a3421-1536x1025.jpg 1536w, https:\/\/www.spectaculaires.fr\/app\/uploads\/2023\/02\/002a3421-2048x1366.jpg 2048w, https:\/\/www.spectaculaires.fr\/app\/uploads\/2023\/02\/002a3421-500x333.jpg 500w, https:\/\/www.spectaculaires.fr\/app\/uploads\/2023\/02\/002a3421-1000x667.jpg 1000w, https:\/\/www.spectaculaires.fr\/app\/uploads\/2023\/02\/002a3421-1920x1281.jpg 1920w\" sizes=\"auto, (max-width: 1024px) 100vw, 1024px\" \/><\/figure><div class=\"wp-block-media-text__content\">\n<h3 class=\"wp-block-heading\">\u00catre allumeur d&#8217;images, qu&#8217;est-ce que c&#8217;est ?<\/h3>\n\n\n\n<p>N\u00e9e de la rencontre de <em>&#8220;gens du spectacle&#8221;<\/em>, Spectaculaires conserve aujourd\u2019hui encore cet esprit de compagnie : <br>&#8220;<em>C&#8217;est le po\u00e8te et l&#8217;ing\u00e9nieur dans le m\u00eame regard&#8221;<\/em><\/p>\n\n\n\n<p>Graphistes, techniciens, cr\u00e9atifs, ing\u00e9nieurs, administrateurs, logisticiens&#8230; les Allumeurs viennent d\u2019horizon tr\u00e8s divers ! <br>Certains viennent des Beaux-arts ou d\u2019\u00e9coles de films d\u2019animation, ont une ma\u00eetrise d\u2019histoire culturelle contemporaine ou des technologies de l\u2019information, ing\u00e9nieurs des syst\u00e8mes urbains, et d&#8217;autres sont autodidactes avec des parcours tr\u00e8s diff\u00e9rents.<\/p>\n\n\n\n<p><em>&#8220;Ce qui nous int\u00e9resse, c&#8217;est avant tout la personnalit\u00e9, l&#8217;\u00e9nergie et la passion&#8221;<\/em><\/p>\n<\/div><\/div>\n<\/div><\/section>\n\n\n<section class=\"acf block-jobs\" data-scroll-section>\n    <div class=\"block-jobs__container\">    \n                    <h2 class=\"block-jobs__title\">D\u00e9couvrez nos offres<\/h2>\n            <ul class=\"block-jobs__list\">\n                            <li class=\"block-jobs__item\">                    \n                    <article class=\"card-job\">\n    <div class=\"card-job__content\">\n                    <ul class=\"card-job__categories\">\n                                    <li class=\"card-job__term\">CDI<\/li>\n                            <\/ul>\n            <h3 class=\"card-job__title\">Technico-commercial.e p\u00f4le &#8220;vente &amp; int\u00e9gration sc\u00e9nique&#8221;<\/h3>\n                        <\/div>\n            <a href=\"https:\/\/www.spectaculaires.fr\/en\/devenir-allumeur-dimage\/technico-commercial-e-pole-vente-integration-scenique\/\" class=\"card-job__link\">Voir l&#8217;offre<\/a>\n    <\/article>                <\/li>\n                            <li class=\"block-jobs__item\">                    \n                    <article class=\"card-job\">\n    <div class=\"card-job__content\">\n                    <ul class=\"card-job__categories\">\n                                    <li class=\"card-job__term\">Intermittents CDI CDD<\/li>\n                            <\/ul>\n            <h3 class=\"card-job__title\">Candidature spontan\u00e9e<\/h3>\n                            <p class=\"card-job__excerpt\">Nous sommes toujours \u00e0 la recherche de nouveaux talents.<\/p>\n                        <\/div>\n            <a href=\"https:\/\/www.spectaculaires.fr\/en\/devenir-allumeur-dimage\/candidature-spontanee\/\" class=\"card-job__link\">Voir l&#8217;offre<\/a>\n    <\/article>                <\/li>\n                    <\/section>\n            <\/div>\n<\/section>\n\n\n<section class=\"acf block-apply form-style--2\" data-scroll-section>\n    <div class=\"block-apply__container\">\n            <h2 class=\"block-apply__title\">Devenir allumeur d\u2019images<\/h2>\n                <p class=\"block-apply__intro\">ALLUMEUR D\u2019IMAGES c\u2019est \u00eatre un.e Artisan curieux.se, g\u00e9n\u00e9reux.se et passionn\u00e9.e\u2026<br \/>\r\nLa promesse d\u2019aventures et de d\u00e9fis qu\u2019on imaginait d\u2019abord impossible \u00e0 relever !<\/p>\n            <div class=\"block-apply__form\">\n                    \n<div class=\"wpcf7 no-js\" id=\"wpcf7-f2102-o1\" lang=\"fr-FR\" dir=\"ltr\" data-wpcf7-id=\"2102\">\n<div class=\"screen-reader-response\"><p role=\"status\" aria-live=\"polite\" aria-atomic=\"true\"><\/p> <ul><\/ul><\/div>\n<form action=\"\/en\/wp-json\/wp\/v2\/pages\/379#wpcf7-f2102-o1\" method=\"post\" class=\"wpcf7-form init\" aria-label=\"Formulaire de contact\" enctype=\"multipart\/form-data\" novalidate=\"novalidate\" data-status=\"init\">\n<fieldset class=\"hidden-fields-container\"><input type=\"hidden\" name=\"_wpcf7\" value=\"2102\" \/><input type=\"hidden\" name=\"_wpcf7_version\" value=\"6.1.5\" \/><input type=\"hidden\" name=\"_wpcf7_locale\" value=\"fr_FR\" \/><input type=\"hidden\" name=\"_wpcf7_unit_tag\" value=\"wpcf7-f2102-o1\" \/><input type=\"hidden\" name=\"_wpcf7_container_post\" value=\"0\" \/><input type=\"hidden\" name=\"_wpcf7_posted_data_hash\" value=\"\" \/><input type=\"hidden\" name=\"_wpcf7_recaptcha_response\" value=\"\" \/>\n<\/fieldset>\n<p><br \/>\n<span class=\"wpcf7-form-control-wrap\" data-name=\"your-name\"><input size=\"40\" maxlength=\"400\" class=\"wpcf7-form-control wpcf7-text wpcf7-validates-as-required\" aria-required=\"true\" aria-invalid=\"false\" placeholder=\"Nom*\" value=\"\" type=\"text\" name=\"your-name\" \/><\/span><span class=\"wpcf7-form-control-wrap\" data-name=\"your-surname\"><input size=\"40\" maxlength=\"400\" class=\"wpcf7-form-control wpcf7-text wpcf7-validates-as-required\" aria-required=\"true\" aria-invalid=\"false\" placeholder=\"Pr\u00e9nom*\" value=\"\" type=\"text\" name=\"your-surname\" \/><\/span>\n<\/p>\n<p><br \/>\n<span class=\"wpcf7-form-control-wrap\" data-name=\"your-phone\"><input size=\"40\" maxlength=\"400\" class=\"wpcf7-form-control wpcf7-tel wpcf7-validates-as-required wpcf7-text wpcf7-validates-as-tel\" aria-required=\"true\" aria-invalid=\"false\" placeholder=\"Num\u00e9ro de t\u00e9l\u00e9phone*\" value=\"\" type=\"tel\" name=\"your-phone\" \/><\/span><span class=\"wpcf7-form-control-wrap\" data-name=\"your-email\"><input size=\"40\" maxlength=\"400\" class=\"wpcf7-form-control wpcf7-email wpcf7-validates-as-required wpcf7-text wpcf7-validates-as-email\" aria-required=\"true\" aria-invalid=\"false\" placeholder=\"Adresse mail*\" value=\"\" type=\"email\" name=\"your-email\" \/><\/span>\n<\/p>\n<p><br \/>\n<span class=\"files\"><label for=\"your-cv\" class=\"input-download\">Votre CV<\/label><span class=\"wpcf7-form-control-wrap\" data-name=\"your-cv\"><input size=\"40\" class=\"wpcf7-form-control wpcf7-file wpcf7-validates-as-required\" id=\"your-cv\" accept=\".pdf,.jpg,.jpeg\" aria-required=\"true\" aria-invalid=\"false\" type=\"file\" name=\"your-cv\" \/><\/span>Maximum 10Mo<\/span><span class=\"files\"><label for=\"your-motivation\" class=\"input-download\">Votre lettre de motivation<\/label><span class=\"wpcf7-form-control-wrap\" data-name=\"your-motivation\"><input size=\"40\" class=\"wpcf7-form-control wpcf7-file wpcf7-validates-as-required\" id=\"your-motivation\" accept=\".pdf,.jpg,.jpeg\" aria-required=\"true\" aria-invalid=\"false\" type=\"file\" name=\"your-motivation\" \/><\/span>Maximum 10Mo<\/span>\n<\/p>\n<p><br \/>\n<span class=\"wpcf7-form-control-wrap\" data-name=\"your-message\"><textarea cols=\"40\" rows=\"10\" maxlength=\"2000\" class=\"wpcf7-form-control wpcf7-textarea\" aria-invalid=\"false\" placeholder=\"Message\" name=\"your-message\"><\/textarea><\/span>\n<\/p>\n<p><br \/>\n<label for=\"rgpd-apply\"><span class=\"wpcf7-form-control-wrap\" data-name=\"rgpd-apply\"><span class=\"wpcf7-form-control wpcf7-acceptance\"><span class=\"wpcf7-list-item\"><input type=\"checkbox\" name=\"rgpd-apply\" value=\"1\" class=\"rgpd\" id=\"rgpd-apply\" aria-invalid=\"false\" \/><\/span><\/span><\/span> J&#8217;accepte d&#8217;\u00eatre contact\u00e9.e par Spectaculaires par email ou t\u00e9l\u00e9phone.<\/label>\n<\/p>\n<p><input class=\"wpcf7-form-control wpcf7-submit has-spinner\" type=\"submit\" value=\"Envoyer mon message\" \/>\n<\/p><div class=\"wpcf7-response-output\" aria-hidden=\"true\"><\/div>\n<\/form>\n<\/div>\n\n                <\/div>\n    <\/div>\n<\/section>\n\n<section class=\"core-inline core-paragraph\" data-scroll-section><div class=\"container\">\n<p><\/p>\n<\/div><\/section>","protected":false},"excerpt":{"rendered":"<p>\u00catre allumeur d&#8217;images, qu&#8217;est-ce que c&#8217;est ? N\u00e9e de la rencontre de &#8220;gens du spectacle&#8221;, Spectaculaires conserve aujourd\u2019hui encore cet esprit de compagnie : &#8220;C&#8217;est le po\u00e8te et l&#8217;ing\u00e9nieur dans le m\u00eame regard&#8221; Graphistes, techniciens, cr\u00e9atifs, ing\u00e9nieurs, administrateurs, logisticiens&#8230; les Allumeurs viennent d\u2019horizon tr\u00e8s divers ! Certains viennent des Beaux-arts ou d\u2019\u00e9coles de films d\u2019animation, [&hellip;]<\/p>\n","protected":false},"author":1,"featured_media":0,"parent":0,"menu_order":0,"comment_status":"closed","ping_status":"closed","template":"template-jobs.php","meta":{"footnotes":""},"class_list":["post-379","page","type-page","status-publish","hentry"],"acf":[],"yoast_head":"<!-- This site is optimized with the Yoast SEO plugin v27.1.1 - https:\/\/yoast.com\/product\/yoast-seo-wordpress\/ -->\n<title>Devenir allumeur d&#039;images - Spectaculaires - Allumeurs d&#039;images<\/title>\n<meta name=\"robots\" content=\"index, follow, max-snippet:-1, max-image-preview:large, max-video-preview:-1\" \/>\n<link rel=\"canonical\" href=\"https:\/\/www.spectaculaires.fr\/devenir-allumeur-dimage\/\" \/>\n<meta property=\"og:locale\" content=\"en_US\" \/>\n<meta property=\"og:type\" content=\"article\" \/>\n<meta property=\"og:title\" content=\"Devenir allumeur d&#039;images - Spectaculaires - Allumeurs d&#039;images\" \/>\n<meta property=\"og:description\" content=\"\u00catre allumeur d&#8217;images, qu&#8217;est-ce que c&#8217;est ? N\u00e9e de la rencontre de &#8220;gens du spectacle&#8221;, Spectaculaires conserve aujourd\u2019hui encore cet esprit de compagnie : &#8220;C&#8217;est le po\u00e8te et l&#8217;ing\u00e9nieur dans le m\u00eame regard&#8221; Graphistes, techniciens, cr\u00e9atifs, ing\u00e9nieurs, administrateurs, logisticiens&#8230; les Allumeurs viennent d\u2019horizon tr\u00e8s divers ! Certains viennent des Beaux-arts ou d\u2019\u00e9coles de films d\u2019animation, [&hellip;]\" \/>\n<meta property=\"og:url\" content=\"https:\/\/www.spectaculaires.fr\/devenir-allumeur-dimage\/\" \/>\n<meta property=\"og:site_name\" content=\"Spectaculaires - Allumeurs d&#039;images\" \/>\n<meta property=\"article:modified_time\" content=\"2025-09-29T09:39:25+00:00\" \/>\n<meta property=\"og:image\" content=\"https:\/\/www.spectaculaires.fr\/app\/uploads\/2023\/02\/002a3421-1024x683.jpg\" \/>\n<meta name=\"twitter:card\" content=\"summary_large_image\" \/>\n<meta name=\"twitter:label1\" content=\"Est. reading time\" \/>\n\t<meta name=\"twitter:data1\" content=\"1 minute\" \/>\n<script type=\"application\/ld+json\" class=\"yoast-schema-graph\">{\"@context\":\"https:\/\/schema.org\",\"@graph\":[{\"@type\":\"WebPage\",\"@id\":\"https:\/\/www.spectaculaires.fr\/devenir-allumeur-dimage\/\",\"url\":\"https:\/\/www.spectaculaires.fr\/devenir-allumeur-dimage\/\",\"name\":\"Devenir allumeur d'images - Spectaculaires - Allumeurs d&#039;images\",\"isPartOf\":{\"@id\":\"https:\/\/www.spectaculaires.fr\/#website\"},\"primaryImageOfPage\":{\"@id\":\"https:\/\/www.spectaculaires.fr\/devenir-allumeur-dimage\/#primaryimage\"},\"image\":{\"@id\":\"https:\/\/www.spectaculaires.fr\/devenir-allumeur-dimage\/#primaryimage\"},\"thumbnailUrl\":\"https:\/\/www.spectaculaires.fr\/app\/uploads\/2023\/02\/002a3421-1024x683.jpg\",\"datePublished\":\"2022-10-11T07:24:47+00:00\",\"dateModified\":\"2025-09-29T09:39:25+00:00\",\"breadcrumb\":{\"@id\":\"https:\/\/www.spectaculaires.fr\/devenir-allumeur-dimage\/#breadcrumb\"},\"inLanguage\":\"en-US\",\"potentialAction\":[{\"@type\":\"ReadAction\",\"target\":[\"https:\/\/www.spectaculaires.fr\/devenir-allumeur-dimage\/\"]}]},{\"@type\":\"ImageObject\",\"inLanguage\":\"en-US\",\"@id\":\"https:\/\/www.spectaculaires.fr\/devenir-allumeur-dimage\/#primaryimage\",\"url\":\"https:\/\/www.spectaculaires.fr\/app\/uploads\/2023\/02\/002a3421-1024x683.jpg\",\"contentUrl\":\"https:\/\/www.spectaculaires.fr\/app\/uploads\/2023\/02\/002a3421-1024x683.jpg\"},{\"@type\":\"BreadcrumbList\",\"@id\":\"https:\/\/www.spectaculaires.fr\/devenir-allumeur-dimage\/#breadcrumb\",\"itemListElement\":[{\"@type\":\"ListItem\",\"position\":1,\"name\":\"Home\",\"item\":\"https:\/\/www.spectaculaires.fr\/en\/\"},{\"@type\":\"ListItem\",\"position\":2,\"name\":\"Devenir allumeur d&rsquo;images\"}]},{\"@type\":\"WebSite\",\"@id\":\"https:\/\/www.spectaculaires.fr\/#website\",\"url\":\"https:\/\/www.spectaculaires.fr\/\",\"name\":\"Spectaculaires - Allumeurs d&#039;images\",\"description\":\"\",\"publisher\":{\"@id\":\"https:\/\/www.spectaculaires.fr\/#organization\"},\"potentialAction\":[{\"@type\":\"SearchAction\",\"target\":{\"@type\":\"EntryPoint\",\"urlTemplate\":\"https:\/\/www.spectaculaires.fr\/?s={search_term_string}\"},\"query-input\":{\"@type\":\"PropertyValueSpecification\",\"valueRequired\":true,\"valueName\":\"search_term_string\"}}],\"inLanguage\":\"en-US\"},{\"@type\":\"Organization\",\"@id\":\"https:\/\/www.spectaculaires.fr\/#organization\",\"name\":\"Spectaculaire - Allumeurs d'images\",\"url\":\"https:\/\/www.spectaculaires.fr\/\",\"logo\":{\"@type\":\"ImageObject\",\"inLanguage\":\"en-US\",\"@id\":\"https:\/\/www.spectaculaires.fr\/#\/schema\/logo\/image\/\",\"url\":\"https:\/\/www.spectaculaires.fr\/app\/uploads\/2022\/10\/logo.svg\",\"contentUrl\":\"https:\/\/www.spectaculaires.fr\/app\/uploads\/2022\/10\/logo.svg\",\"width\":1,\"height\":1,\"caption\":\"Spectaculaire - Allumeurs d'images\"},\"image\":{\"@id\":\"https:\/\/www.spectaculaires.fr\/#\/schema\/logo\/image\/\"}}]}<\/script>\n<!-- \/ Yoast SEO plugin. -->","yoast_head_json":{"title":"Devenir allumeur d'images - Spectaculaires - Allumeurs d&#039;images","robots":{"index":"index","follow":"follow","max-snippet":"max-snippet:-1","max-image-preview":"max-image-preview:large","max-video-preview":"max-video-preview:-1"},"canonical":"https:\/\/www.spectaculaires.fr\/devenir-allumeur-dimage\/","og_locale":"en_US","og_type":"article","og_title":"Devenir allumeur d'images - Spectaculaires - Allumeurs d&#039;images","og_description":"\u00catre allumeur d&#8217;images, qu&#8217;est-ce que c&#8217;est ? N\u00e9e de la rencontre de &#8220;gens du spectacle&#8221;, Spectaculaires conserve aujourd\u2019hui encore cet esprit de compagnie : &#8220;C&#8217;est le po\u00e8te et l&#8217;ing\u00e9nieur dans le m\u00eame regard&#8221; Graphistes, techniciens, cr\u00e9atifs, ing\u00e9nieurs, administrateurs, logisticiens&#8230; les Allumeurs viennent d\u2019horizon tr\u00e8s divers ! Certains viennent des Beaux-arts ou d\u2019\u00e9coles de films d\u2019animation, [&hellip;]","og_url":"https:\/\/www.spectaculaires.fr\/devenir-allumeur-dimage\/","og_site_name":"Spectaculaires - Allumeurs d&#039;images","article_modified_time":"2025-09-29T09:39:25+00:00","og_image":[{"url":"https:\/\/www.spectaculaires.fr\/app\/uploads\/2023\/02\/002a3421-1024x683.jpg","type":"","width":"","height":""}],"twitter_card":"summary_large_image","twitter_misc":{"Est. reading time":"1 minute"},"schema":{"@context":"https:\/\/schema.org","@graph":[{"@type":"WebPage","@id":"https:\/\/www.spectaculaires.fr\/devenir-allumeur-dimage\/","url":"https:\/\/www.spectaculaires.fr\/devenir-allumeur-dimage\/","name":"Devenir allumeur d'images - Spectaculaires - Allumeurs d&#039;images","isPartOf":{"@id":"https:\/\/www.spectaculaires.fr\/#website"},"primaryImageOfPage":{"@id":"https:\/\/www.spectaculaires.fr\/devenir-allumeur-dimage\/#primaryimage"},"image":{"@id":"https:\/\/www.spectaculaires.fr\/devenir-allumeur-dimage\/#primaryimage"},"thumbnailUrl":"https:\/\/www.spectaculaires.fr\/app\/uploads\/2023\/02\/002a3421-1024x683.jpg","datePublished":"2022-10-11T07:24:47+00:00","dateModified":"2025-09-29T09:39:25+00:00","breadcrumb":{"@id":"https:\/\/www.spectaculaires.fr\/devenir-allumeur-dimage\/#breadcrumb"},"inLanguage":"en-US","potentialAction":[{"@type":"ReadAction","target":["https:\/\/www.spectaculaires.fr\/devenir-allumeur-dimage\/"]}]},{"@type":"ImageObject","inLanguage":"en-US","@id":"https:\/\/www.spectaculaires.fr\/devenir-allumeur-dimage\/#primaryimage","url":"https:\/\/www.spectaculaires.fr\/app\/uploads\/2023\/02\/002a3421-1024x683.jpg","contentUrl":"https:\/\/www.spectaculaires.fr\/app\/uploads\/2023\/02\/002a3421-1024x683.jpg"},{"@type":"BreadcrumbList","@id":"https:\/\/www.spectaculaires.fr\/devenir-allumeur-dimage\/#breadcrumb","itemListElement":[{"@type":"ListItem","position":1,"name":"Home","item":"https:\/\/www.spectaculaires.fr\/en\/"},{"@type":"ListItem","position":2,"name":"Devenir allumeur d&rsquo;images"}]},{"@type":"WebSite","@id":"https:\/\/www.spectaculaires.fr\/#website","url":"https:\/\/www.spectaculaires.fr\/","name":"Spectaculaires - Allumeurs d&#039;images","description":"","publisher":{"@id":"https:\/\/www.spectaculaires.fr\/#organization"},"potentialAction":[{"@type":"SearchAction","target":{"@type":"EntryPoint","urlTemplate":"https:\/\/www.spectaculaires.fr\/?s={search_term_string}"},"query-input":{"@type":"PropertyValueSpecification","valueRequired":true,"valueName":"search_term_string"}}],"inLanguage":"en-US"},{"@type":"Organization","@id":"https:\/\/www.spectaculaires.fr\/#organization","name":"Spectaculaire - Allumeurs d'images","url":"https:\/\/www.spectaculaires.fr\/","logo":{"@type":"ImageObject","inLanguage":"en-US","@id":"https:\/\/www.spectaculaires.fr\/#\/schema\/logo\/image\/","url":"https:\/\/www.spectaculaires.fr\/app\/uploads\/2022\/10\/logo.svg","contentUrl":"https:\/\/www.spectaculaires.fr\/app\/uploads\/2022\/10\/logo.svg","width":1,"height":1,"caption":"Spectaculaire - Allumeurs d'images"},"image":{"@id":"https:\/\/www.spectaculaires.fr\/#\/schema\/logo\/image\/"}}]}},"_links":{"self":[{"href":"https:\/\/www.spectaculaires.fr\/en\/wp-json\/wp\/v2\/pages\/379","targetHints":{"allow":["GET"]}}],"collection":[{"href":"https:\/\/www.spectaculaires.fr\/en\/wp-json\/wp\/v2\/pages"}],"about":[{"href":"https:\/\/www.spectaculaires.fr\/en\/wp-json\/wp\/v2\/types\/page"}],"author":[{"embeddable":true,"href":"https:\/\/www.spectaculaires.fr\/en\/wp-json\/wp\/v2\/users\/1"}],"replies":[{"embeddable":true,"href":"https:\/\/www.spectaculaires.fr\/en\/wp-json\/wp\/v2\/comments?post=379"}],"version-history":[{"count":59,"href":"https:\/\/www.spectaculaires.fr\/en\/wp-json\/wp\/v2\/pages\/379\/revisions"}],"predecessor-version":[{"id":5617,"href":"https:\/\/www.spectaculaires.fr\/en\/wp-json\/wp\/v2\/pages\/379\/revisions\/5617"}],"wp:attachment":[{"href":"https:\/\/www.spectaculaires.fr\/en\/wp-json\/wp\/v2\/media?parent=379"}],"curies":[{"name":"wp","href":"https:\/\/api.w.org\/{rel}","templated":true}]}}